{"id":2,"date":"2024-06-04T15:03:02","date_gmt":"2024-06-04T15:03:02","guid":{"rendered":"https:\/\/cafeteriagurutze.rkinformatika.online\/?page_id=2"},"modified":"2024-06-25T16:23:30","modified_gmt":"2024-06-25T16:23:30","slug":"inicio","status":"publish","type":"page","link":"https:\/\/cafeteriagurutze.com\/eus\/","title":{"rendered":"Hasiera"},"content":{"rendered":"<div data-elementor-type=\"wp-page\" data-elementor-id=\"2\" class=\"elementor elementor-2\" data-elementor-post-type=\"page\">\n\t\t\t\t<div class=\"elementor-element elementor-element-7deb4ed8 ops-section e-flex e-con-boxed e-con e-parent\" data-id=\"7deb4ed8\" data-element_type=\"container\" data-e-type=\"container\" data-settings=\"{&quot;background_background&quot;:&quot;classic&quot;,&quot;ekit_has_onepagescroll&quot;:&quot;section&quot;}\">\n\t\t\t\t\t<div class=\"e-con-inner\">\n\t\t<div class=\"elementor-element elementor-element-2168b74a e-con-full e-flex e-con e-child\" data-id=\"2168b74a\" data-element_type=\"container\" data-e-type=\"container\">\n\t\t<div class=\"elementor-element elementor-element-422dd9d3 e-con-full e-flex e-con e-child\" data-id=\"422dd9d3\" data-element_type=\"container\" data-e-type=\"container\">\n\t\t\t\t<div class=\"elementor-element elementor-element-30eec3a2 elementor-invisible elementor-widget elementor-widget-heading\" data-id=\"30eec3a2\" data-element_type=\"widget\" data-e-type=\"widget\" data-settings=\"{&quot;_animation&quot;:&quot;fadeInLeft&quot;}\" data-widget_type=\"heading.default\">\n\t\t\t\t<div class=\"elementor-widget-container\">\n\t\t\t\t\t<h2 class=\"elementor-heading-title elementor-size-default\">Ongi etorri <\/h2>\t\t\t\t<\/div>\n\t\t\t\t<\/div>\n\t\t\t\t<div class=\"elementor-element elementor-element-6cabfe20 elementor-widget__width-initial elementor-invisible elementor-widget elementor-widget-heading\" data-id=\"6cabfe20\" data-element_type=\"widget\" data-e-type=\"widget\" data-settings=\"{&quot;_animation&quot;:&quot;fadeInLeft&quot;}\" data-widget_type=\"heading.default\">\n\t\t\t\t<div class=\"elementor-widget-container\">\n\t\t\t\t\t<h2 class=\"elementor-heading-title elementor-size-default\">Gurutze Kafetegira<\/h2>\t\t\t\t<\/div>\n\t\t\t\t<\/div>\n\t\t\t\t<\/div>\n\t\t\t\t<\/div>\n\t\t\t\t\t<\/div>\n\t\t\t\t<\/div>\n\t\t<div class=\"elementor-element elementor-element-7769de4d e-flex e-con-boxed e-con e-parent\" data-id=\"7769de4d\" data-element_type=\"container\" data-e-type=\"container\">\n\t\t\t\t\t<div class=\"e-con-inner\">\n\t\t<div class=\"elementor-element elementor-element-75c556fa e-con-full e-flex e-con e-child\" data-id=\"75c556fa\" data-element_type=\"container\" data-e-type=\"container\">\n\t\t\t\t<div class=\"elementor-element elementor-element-400f4654 elementor-invisible elementor-widget elementor-widget-image\" data-id=\"400f4654\" data-element_type=\"widget\" data-e-type=\"widget\" data-settings=\"{&quot;_animation&quot;:&quot;fadeInLeft&quot;}\" data-widget_type=\"image.default\">\n\t\t\t\t<div class=\"elementor-widget-container\">\n\t\t\t\t\t\t\t\t\t\t\t\t\t\t\t<img decoding=\"async\" src=\"https:\/\/cafeteriagurutze.com\/wp-content\/uploads\/elementor\/thumbs\/barista-at-work-in-a-coffee-shop-PKDR5MG-qp7g64dnn3uvpjsnpfwvb2viekqhbwfzu3pjoem2sg.jpg\" title=\"barista-at-work-in-a-coffee-shop-PKDR5MG.jpg\" alt=\"barista-at-work-in-a-coffee-shop-PKDR5MG.jpg\" loading=\"lazy\" \/>\t\t\t\t\t\t\t\t\t\t\t\t\t\t\t<\/div>\n\t\t\t\t<\/div>\n\t\t\t\t<\/div>\n\t\t<div class=\"elementor-element elementor-element-2a779fa0 e-con-full e-flex elementor-invisible e-con e-child\" data-id=\"2a779fa0\" data-element_type=\"container\" data-e-type=\"container\" data-settings=\"{&quot;background_background&quot;:&quot;classic&quot;,&quot;animation&quot;:&quot;fadeInRight&quot;}\">\n\t\t\t\t<div class=\"elementor-element elementor-element-2e14b74b elementor-widget elementor-widget-heading\" data-id=\"2e14b74b\" data-element_type=\"widget\" data-e-type=\"widget\" data-widget_type=\"heading.default\">\n\t\t\t\t<div class=\"elementor-widget-container\">\n\t\t\t\t\t<h2 class=\"elementor-heading-title elementor-size-default\">Guri buruz<\/h2>\t\t\t\t<\/div>\n\t\t\t\t<\/div>\n\t\t\t\t<div class=\"elementor-element elementor-element-49a7fb92 elementor-widget elementor-widget-text-editor\" data-id=\"49a7fb92\" data-element_type=\"widget\" data-e-type=\"widget\" data-widget_type=\"text-editor.default\">\n\t\t\t\t<div class=\"elementor-widget-container\">\n\t\t\t\t\t\t\t\t\t<p>16 urtez tortillak, pintxoak eta sandwich goxoak zerbitzatu ditugu giro bero eta atseginean. Gure bezeroak familia gisa tratatzen ditugu, eta beti bilatzen ditugu haiek harritzeko modu berriak janari eta edari gozoekin. Jakin zergatik garen hirian gosaltzeko edo bazkaltzeko lekurik onena. Bisita gaitzazu!<\/p>\t\t\t\t\t\t\t\t<\/div>\n\t\t\t\t<\/div>\n\t\t\t\t<\/div>\n\t\t\t\t\t<\/div>\n\t\t\t\t<\/div>\n\t\t<div class=\"elementor-element elementor-element-2080297d e-con-full e-flex e-con e-parent\" data-id=\"2080297d\" data-element_type=\"container\" data-e-type=\"container\" data-settings=\"{&quot;background_background&quot;:&quot;classic&quot;}\">\n\t\t<div class=\"elementor-element elementor-element-33bb338d e-con-full e-flex elementor-invisible e-con e-child\" data-id=\"33bb338d\" data-element_type=\"container\" data-e-type=\"container\" data-settings=\"{&quot;animation&quot;:&quot;fadeInLeft&quot;}\">\n\t\t\t\t<div class=\"elementor-element elementor-element-65506b06 elementor-widget elementor-widget-heading\" data-id=\"65506b06\" data-element_type=\"widget\" data-e-type=\"widget\" data-widget_type=\"heading.default\">\n\t\t\t\t<div class=\"elementor-widget-container\">\n\t\t\t\t\t<h2 class=\"elementor-heading-title elementor-size-default\">Zergatik aukeratu gure zerbitzuak?<\/h2>\t\t\t\t<\/div>\n\t\t\t\t<\/div>\n\t\t\t\t<div class=\"elementor-element elementor-element-6186c2a2 elementor-widget elementor-widget-icon-box\" data-id=\"6186c2a2\" data-element_type=\"widget\" data-e-type=\"widget\" data-widget_type=\"icon-box.default\">\n\t\t\t\t<div class=\"elementor-widget-container\">\n\t\t\t\t\t\t\t<div class=\"elementor-icon-box-wrapper\">\n\n\t\t\t\n\t\t\t\t\t\t<div class=\"elementor-icon-box-content\">\n\n\t\t\t\t\t\t\t\t\t<h4 class=\"elementor-icon-box-title\">\n\t\t\t\t\t\t<span  >\n\t\t\t\t\t\t\tEgiaztatutako esperientzia\t\t\t\t\t\t<\/span>\n\t\t\t\t\t<\/h4>\n\t\t\t\t\n\t\t\t\t\t\t\t\t\t<p class=\"elementor-icon-box-description\">\n\t\t\t\t\t\t16 urte ditugu kafetegiaren buru, eta gure errezetak eta zerbitzua hobetu ditugu, bisita bakoitzean esperientzia goxoa eta sendoa bermatuz.\t\t\t\t\t<\/p>\n\t\t\t\t\n\t\t\t<\/div>\n\t\t\t\n\t\t<\/div>\n\t\t\t\t\t\t<\/div>\n\t\t\t\t<\/div>\n\t\t\t\t<div class=\"elementor-element elementor-element-30da3ef3 elementor-widget elementor-widget-icon-box\" data-id=\"30da3ef3\" data-element_type=\"widget\" data-e-type=\"widget\" data-widget_type=\"icon-box.default\">\n\t\t\t\t<div class=\"elementor-widget-container\">\n\t\t\t\t\t\t\t<div class=\"elementor-icon-box-wrapper\">\n\n\t\t\t\n\t\t\t\t\t\t<div class=\"elementor-icon-box-content\">\n\n\t\t\t\t\t\t\t\t\t<h4 class=\"elementor-icon-box-title\">\n\t\t\t\t\t\t<span  >\n\t\t\t\t\t\t\tAukera zabala\t\t\t\t\t\t<\/span>\n\t\t\t\t\t<\/h4>\n\t\t\t\t\n\t\t\t\t\t\t\t\t\t<p class=\"elementor-icon-box-description\">\n\t\t\t\t\t\tAskotariko tortillak, pintxoak, sandwichak eta kafeak eskaintzen ditugu, beti piztuko zaituen zerbait aurkituko duzula ziurtatuz, osagairik freskoenekin eta kalitaterik onenarekin egina.\t\t\t\t\t<\/p>\n\t\t\t\t\n\t\t\t<\/div>\n\t\t\t\n\t\t<\/div>\n\t\t\t\t\t\t<\/div>\n\t\t\t\t<\/div>\n\t\t\t\t<div class=\"elementor-element elementor-element-6bf2d7b6 elementor-widget elementor-widget-icon-box\" data-id=\"6bf2d7b6\" data-element_type=\"widget\" data-e-type=\"widget\" data-widget_type=\"icon-box.default\">\n\t\t\t\t<div class=\"elementor-widget-container\">\n\t\t\t\t\t\t\t<div class=\"elementor-icon-box-wrapper\">\n\n\t\t\t\n\t\t\t\t\t\t<div class=\"elementor-icon-box-content\">\n\n\t\t\t\t\t\t\t\t\t<h4 class=\"elementor-icon-box-title\">\n\t\t\t\t\t\t<span  >\n\t\t\t\t\t\t\tFamilia-tratua\t\t\t\t\t\t<\/span>\n\t\t\t\t\t<\/h4>\n\t\t\t\t\n\t\t\t\t\t\t\t\t\t<p class=\"elementor-icon-box-description\">\n\t\t\t\t\t\tHarro gaude bezeroekiko dugun tratu bero eta lagunkoiaz.\t\t\t\t\t<\/p>\n\t\t\t\t\n\t\t\t<\/div>\n\t\t\t\n\t\t<\/div>\n\t\t\t\t\t\t<\/div>\n\t\t\t\t<\/div>\n\t\t\t\t<\/div>\n\t\t<div class=\"elementor-element elementor-element-2ebb4d99 e-con-full e-flex e-con e-child\" data-id=\"2ebb4d99\" data-element_type=\"container\" data-e-type=\"container\">\n\t\t\t\t<div class=\"elementor-element elementor-element-5a804dd6 elementor-invisible elementor-widget elementor-widget-image\" data-id=\"5a804dd6\" data-element_type=\"widget\" data-e-type=\"widget\" data-settings=\"{&quot;_animation&quot;:&quot;fadeInRight&quot;}\" data-widget_type=\"image.default\">\n\t\t\t\t<div class=\"elementor-widget-container\">\n\t\t\t\t\t\t\t\t\t\t\t\t\t\t\t<img decoding=\"async\" src=\"https:\/\/cafeteriagurutze.com\/wp-content\/uploads\/elementor\/thumbs\/customer-service-and-support-qp995de4024uukkx1ost8nt1sxxihw2sp6ai5xcbk2.jpg\" title=\"Customer service and support\" alt=\"Customer service and support\" loading=\"lazy\" \/>\t\t\t\t\t\t\t\t\t\t\t\t\t\t\t<\/div>\n\t\t\t\t<\/div>\n\t\t\t\t<\/div>\n\t\t\t\t<\/div>\n\t\t\t\t<section class=\"elementor-section elementor-top-section elementor-element elementor-element-add283d elementor-section-boxed elementor-section-height-default elementor-section-height-default\" data-id=\"add283d\" data-element_type=\"section\" data-e-type=\"section\" data-settings=\"{&quot;background_background&quot;:&quot;classic&quot;,&quot;shape_divider_top&quot;:&quot;pyramids&quot;,&quot;shape_divider_bottom&quot;:&quot;pyramids&quot;,&quot;shape_divider_top_negative&quot;:&quot;yes&quot;}\">\n\t\t\t\t\t\t\t<div class=\"elementor-background-overlay\"><\/div>\n\t\t\t\t\t\t<div class=\"elementor-shape elementor-shape-top\" aria-hidden=\"true\" data-negative=\"true\">\n\t\t\t<svg xmlns=\"http:\/\/www.w3.org\/2000\/svg\" viewbox=\"0 0 1000 100\" preserveaspectratio=\"none\">\n\t<path class=\"elementor-shape-fill\" d=\"M761.9,40.6L643.1,24L333.9,93.8L0.1,1H0v99h1000V1\"\/>\n<\/svg>\t\t<\/div>\n\t\t\t\t<div class=\"elementor-shape elementor-shape-bottom\" aria-hidden=\"true\" data-negative=\"false\">\n\t\t\t<svg xmlns=\"http:\/\/www.w3.org\/2000\/svg\" viewbox=\"0 0 1000 100\" preserveaspectratio=\"none\">\n\t<path class=\"elementor-shape-fill\" d=\"M761.9,44.1L643.1,27.2L333.8,98L0,3.8V0l1000,0v3.9\"\/>\n<\/svg>\t\t<\/div>\n\t\t\t\t\t<div class=\"elementor-container elementor-column-gap-default\">\n\t\t\t\t\t<div class=\"elementor-column elementor-col-50 elementor-top-column elementor-element elementor-element-35de3a5\" data-id=\"35de3a5\" data-element_type=\"column\" data-e-type=\"column\">\n\t\t\t<div class=\"elementor-widget-wrap elementor-element-populated\">\n\t\t\t\t\t\t<div class=\"elementor-element elementor-element-d86c8c8 elementor-widget__width-initial elementor-widget elementor-widget-heading\" data-id=\"d86c8c8\" data-element_type=\"widget\" data-e-type=\"widget\" data-widget_type=\"heading.default\">\n\t\t\t\t<div class=\"elementor-widget-container\">\n\t\t\t\t\t<h3 class=\"elementor-heading-title elementor-size-default\">Zeren zain zaude gure zerbitzuak eskatzeko?<\/h3>\t\t\t\t<\/div>\n\t\t\t\t<\/div>\n\t\t\t\t\t<\/div>\n\t\t<\/div>\n\t\t\t\t<div class=\"elementor-column elementor-col-50 elementor-top-column elementor-element elementor-element-cf4c1a4\" data-id=\"cf4c1a4\" data-element_type=\"column\" data-e-type=\"column\">\n\t\t\t<div class=\"elementor-widget-wrap elementor-element-populated\">\n\t\t\t\t\t\t<div class=\"elementor-element elementor-element-6a8b64f elementor-widget__width-auto elementor-tablet-align-center elementor-widget elementor-widget-button\" data-id=\"6a8b64f\" data-element_type=\"widget\" data-e-type=\"widget\" data-widget_type=\"button.default\">\n\t\t\t\t<div class=\"elementor-widget-container\">\n\t\t\t\t\t\t\t\t\t<div class=\"elementor-button-wrapper\">\n\t\t\t\t\t<a class=\"elementor-button elementor-button-link elementor-size-sm elementor-animation-grow\" href=\"tel:%20946%20434%20790\">\n\t\t\t\t\t\t<span class=\"elementor-button-content-wrapper\">\n\t\t\t\t\t\t<span class=\"elementor-button-icon\">\n\t\t\t\t<i aria-hidden=\"true\" class=\"icon icon-right-arrow2\"><\/i>\t\t\t<\/span>\n\t\t\t\t\t\t\t\t\t<span class=\"elementor-button-text\">Deitu<\/span>\n\t\t\t\t\t<\/span>\n\t\t\t\t\t<\/a>\n\t\t\t\t<\/div>\n\t\t\t\t\t\t\t\t<\/div>\n\t\t\t\t<\/div>\n\t\t\t\t\t<\/div>\n\t\t<\/div>\n\t\t\t\t\t<\/div>\n\t\t<\/section>\n\t\t\t\t<\/div>","protected":false},"excerpt":{"rendered":"<p>Bienvenido a la Cafeter\u00eda Gurutze Sobre nosotros Durante 16 a\u00f1os hemos servido tortillas, pintxos y s\u00e1ndwiches deliciosos en un ambiente c\u00e1lido y acogedor. Tratamos a nuestros clientes como familia y siempre buscamos nuevas formas de sorprenderlos con comida y bebidas deliciosas. Descubre por qu\u00e9 somos el mejor lugar para desayunar o almorzar en la ciudad. [&hellip;]<\/p>\n","protected":false},"author":1,"featured_media":0,"parent":0,"menu_order":0,"comment_status":"closed","ping_status":"closed","template":"elementor_canvas","meta":{"footnotes":""},"class_list":["post-2","page","type-page","status-publish","hentry"],"yoast_head":"<!-- This site is optimized with the Yoast SEO plugin v27.3 - https:\/\/yoast.com\/product\/yoast-seo-wordpress\/ -->\n<title>Inicio - Mar\u00eda Elena Salcedo Rayo<\/title>\n<meta name=\"robots\" content=\"index, follow, max-snippet:-1, max-image-preview:large, max-video-preview:-1\" \/>\n<link rel=\"canonical\" href=\"https:\/\/cafeteriagurutze.com\/eus\/\" \/>\n<meta property=\"og:locale\" content=\"en_US\" \/>\n<meta property=\"og:type\" content=\"article\" \/>\n<meta property=\"og:title\" content=\"Inicio - Mar\u00eda Elena Salcedo Rayo\" \/>\n<meta property=\"og:description\" content=\"Bienvenido a la Cafeter\u00eda Gurutze Sobre nosotros Durante 16 a\u00f1os hemos servido tortillas, pintxos y s\u00e1ndwiches deliciosos en un ambiente c\u00e1lido y acogedor. Tratamos a nuestros clientes como familia y siempre buscamos nuevas formas de sorprenderlos con comida y bebidas deliciosas. Descubre por qu\u00e9 somos el mejor lugar para desayunar o almorzar en la ciudad. [&hellip;]\" \/>\n<meta property=\"og:url\" content=\"https:\/\/cafeteriagurutze.com\/eus\/\" \/>\n<meta property=\"og:site_name\" content=\"Mar\u00eda Elena Salcedo Rayo\" \/>\n<meta property=\"article:modified_time\" content=\"2024-06-25T16:23:30+00:00\" \/>\n<meta property=\"og:image\" content=\"https:\/\/cafeteriagurutze.com\/wp-content\/uploads\/elementor\/thumbs\/barista-at-work-in-a-coffee-shop-PKDR5MG-qp7g64dnn3uvpjsnpfwvb2viekqhbwfzu3pjoem2sg.jpg\" \/>\n<meta name=\"twitter:card\" content=\"summary_large_image\" \/>\n<meta name=\"twitter:label1\" content=\"Est. reading time\" \/>\n\t<meta name=\"twitter:data1\" content=\"1 minutua\" \/>\n<script type=\"application\/ld+json\" class=\"yoast-schema-graph\">{\"@context\":\"https:\\\/\\\/schema.org\",\"@graph\":[{\"@type\":\"WebPage\",\"@id\":\"https:\\\/\\\/cafeteriagurutze.com\\\/\",\"url\":\"https:\\\/\\\/cafeteriagurutze.com\\\/\",\"name\":\"Inicio - Mar\u00eda Elena Salcedo Rayo\",\"isPartOf\":{\"@id\":\"https:\\\/\\\/cafeteriagurutze.com\\\/#website\"},\"primaryImageOfPage\":{\"@id\":\"https:\\\/\\\/cafeteriagurutze.com\\\/#primaryimage\"},\"image\":{\"@id\":\"https:\\\/\\\/cafeteriagurutze.com\\\/#primaryimage\"},\"thumbnailUrl\":\"https:\\\/\\\/cafeteriagurutze.com\\\/wp-content\\\/uploads\\\/elementor\\\/thumbs\\\/barista-at-work-in-a-coffee-shop-PKDR5MG-qp7g64dnn3uvpjsnpfwvb2viekqhbwfzu3pjoem2sg.jpg\",\"datePublished\":\"2024-06-04T15:03:02+00:00\",\"dateModified\":\"2024-06-25T16:23:30+00:00\",\"breadcrumb\":{\"@id\":\"https:\\\/\\\/cafeteriagurutze.com\\\/#breadcrumb\"},\"inLanguage\":\"eu\",\"potentialAction\":[{\"@type\":\"ReadAction\",\"target\":[\"https:\\\/\\\/cafeteriagurutze.com\\\/\"]}]},{\"@type\":\"ImageObject\",\"inLanguage\":\"eu\",\"@id\":\"https:\\\/\\\/cafeteriagurutze.com\\\/#primaryimage\",\"url\":\"https:\\\/\\\/cafeteriagurutze.com\\\/wp-content\\\/uploads\\\/elementor\\\/thumbs\\\/barista-at-work-in-a-coffee-shop-PKDR5MG-qp7g64dnn3uvpjsnpfwvb2viekqhbwfzu3pjoem2sg.jpg\",\"contentUrl\":\"https:\\\/\\\/cafeteriagurutze.com\\\/wp-content\\\/uploads\\\/elementor\\\/thumbs\\\/barista-at-work-in-a-coffee-shop-PKDR5MG-qp7g64dnn3uvpjsnpfwvb2viekqhbwfzu3pjoem2sg.jpg\"},{\"@type\":\"BreadcrumbList\",\"@id\":\"https:\\\/\\\/cafeteriagurutze.com\\\/#breadcrumb\",\"itemListElement\":[{\"@type\":\"ListItem\",\"position\":1,\"name\":\"Portada\",\"item\":\"https:\\\/\\\/cafeteriagurutze.com\\\/\"},{\"@type\":\"ListItem\",\"position\":2,\"name\":\"Inicio\"}]},{\"@type\":\"WebSite\",\"@id\":\"https:\\\/\\\/cafeteriagurutze.com\\\/#website\",\"url\":\"https:\\\/\\\/cafeteriagurutze.com\\\/\",\"name\":\"Mar\u00eda Elena Salcedo Rayo\",\"description\":\"Durante 16 a\u00f1os hemos servido tortillas, pintxos y s\u00e1ndwiches deliciosos en un ambiente c\u00e1lido y acogedor. Tratamos a nuestros clientes como familia y siempre buscamos nuevas formas de sorprenderlos con comida y bebidas deliciosas. Descubre por qu\u00e9 somos el mejor lugar para desayunar o almorzar en la ciudad. \u00a1Vis\u00edtanos!\",\"publisher\":{\"@id\":\"https:\\\/\\\/cafeteriagurutze.com\\\/#organization\"},\"potentialAction\":[{\"@type\":\"SearchAction\",\"target\":{\"@type\":\"EntryPoint\",\"urlTemplate\":\"https:\\\/\\\/cafeteriagurutze.com\\\/?s={search_term_string}\"},\"query-input\":{\"@type\":\"PropertyValueSpecification\",\"valueRequired\":true,\"valueName\":\"search_term_string\"}}],\"inLanguage\":\"eu\"},{\"@type\":\"Organization\",\"@id\":\"https:\\\/\\\/cafeteriagurutze.com\\\/#organization\",\"name\":\"Mar\u00eda Elena Salcedo Rayo\",\"url\":\"https:\\\/\\\/cafeteriagurutze.com\\\/\",\"logo\":{\"@type\":\"ImageObject\",\"inLanguage\":\"eu\",\"@id\":\"https:\\\/\\\/cafeteriagurutze.com\\\/#\\\/schema\\\/logo\\\/image\\\/\",\"url\":\"https:\\\/\\\/cafeteriagurutze.com\\\/wp-content\\\/uploads\\\/2024\\\/06\\\/cropped-Cafeteria-Gurutze-01-1.png\",\"contentUrl\":\"https:\\\/\\\/cafeteriagurutze.com\\\/wp-content\\\/uploads\\\/2024\\\/06\\\/cropped-Cafeteria-Gurutze-01-1.png\",\"width\":1145,\"height\":1080,\"caption\":\"Mar\u00eda Elena Salcedo Rayo\"},\"image\":{\"@id\":\"https:\\\/\\\/cafeteriagurutze.com\\\/#\\\/schema\\\/logo\\\/image\\\/\"}}]}<\/script>\n<!-- \/ Yoast SEO plugin. -->","yoast_head_json":{"title":"Inicio - Mar\u00eda Elena Salcedo Rayo","robots":{"index":"index","follow":"follow","max-snippet":"max-snippet:-1","max-image-preview":"max-image-preview:large","max-video-preview":"max-video-preview:-1"},"canonical":"https:\/\/cafeteriagurutze.com\/eus\/","og_locale":"en_US","og_type":"article","og_title":"Inicio - Mar\u00eda Elena Salcedo Rayo","og_description":"Bienvenido a la Cafeter\u00eda Gurutze Sobre nosotros Durante 16 a\u00f1os hemos servido tortillas, pintxos y s\u00e1ndwiches deliciosos en un ambiente c\u00e1lido y acogedor. Tratamos a nuestros clientes como familia y siempre buscamos nuevas formas de sorprenderlos con comida y bebidas deliciosas. Descubre por qu\u00e9 somos el mejor lugar para desayunar o almorzar en la ciudad. [&hellip;]","og_url":"https:\/\/cafeteriagurutze.com\/eus\/","og_site_name":"Mar\u00eda Elena Salcedo Rayo","article_modified_time":"2024-06-25T16:23:30+00:00","og_image":[{"url":"https:\/\/cafeteriagurutze.com\/wp-content\/uploads\/elementor\/thumbs\/barista-at-work-in-a-coffee-shop-PKDR5MG-qp7g64dnn3uvpjsnpfwvb2viekqhbwfzu3pjoem2sg.jpg","type":"","width":"","height":""}],"twitter_card":"summary_large_image","twitter_misc":{"Est. reading time":"1 minutua"},"schema":{"@context":"https:\/\/schema.org","@graph":[{"@type":"WebPage","@id":"https:\/\/cafeteriagurutze.com\/","url":"https:\/\/cafeteriagurutze.com\/","name":"Inicio - Mar\u00eda Elena Salcedo Rayo","isPartOf":{"@id":"https:\/\/cafeteriagurutze.com\/#website"},"primaryImageOfPage":{"@id":"https:\/\/cafeteriagurutze.com\/#primaryimage"},"image":{"@id":"https:\/\/cafeteriagurutze.com\/#primaryimage"},"thumbnailUrl":"https:\/\/cafeteriagurutze.com\/wp-content\/uploads\/elementor\/thumbs\/barista-at-work-in-a-coffee-shop-PKDR5MG-qp7g64dnn3uvpjsnpfwvb2viekqhbwfzu3pjoem2sg.jpg","datePublished":"2024-06-04T15:03:02+00:00","dateModified":"2024-06-25T16:23:30+00:00","breadcrumb":{"@id":"https:\/\/cafeteriagurutze.com\/#breadcrumb"},"inLanguage":"eu","potentialAction":[{"@type":"ReadAction","target":["https:\/\/cafeteriagurutze.com\/"]}]},{"@type":"ImageObject","inLanguage":"eu","@id":"https:\/\/cafeteriagurutze.com\/#primaryimage","url":"https:\/\/cafeteriagurutze.com\/wp-content\/uploads\/elementor\/thumbs\/barista-at-work-in-a-coffee-shop-PKDR5MG-qp7g64dnn3uvpjsnpfwvb2viekqhbwfzu3pjoem2sg.jpg","contentUrl":"https:\/\/cafeteriagurutze.com\/wp-content\/uploads\/elementor\/thumbs\/barista-at-work-in-a-coffee-shop-PKDR5MG-qp7g64dnn3uvpjsnpfwvb2viekqhbwfzu3pjoem2sg.jpg"},{"@type":"BreadcrumbList","@id":"https:\/\/cafeteriagurutze.com\/#breadcrumb","itemListElement":[{"@type":"ListItem","position":1,"name":"Portada","item":"https:\/\/cafeteriagurutze.com\/"},{"@type":"ListItem","position":2,"name":"Inicio"}]},{"@type":"WebSite","@id":"https:\/\/cafeteriagurutze.com\/#website","url":"https:\/\/cafeteriagurutze.com\/","name":"Mar\u00eda Elena Salcedo Rayo","description":"16 urtez tortillak, pintxoak eta sandwich goxoak zerbitzatu ditugu giro bero eta atseginean. Gure bezeroak familia gisa tratatzen ditugu, eta beti bilatzen ditugu haiek harritzeko modu berriak janari eta edari gozoekin. Jakin zergatik garen hirian gosaltzeko edo bazkaltzeko lekurik onena. Bisita gaitzazu!","publisher":{"@id":"https:\/\/cafeteriagurutze.com\/#organization"},"potentialAction":[{"@type":"SearchAction","target":{"@type":"EntryPoint","urlTemplate":"https:\/\/cafeteriagurutze.com\/?s={search_term_string}"},"query-input":{"@type":"PropertyValueSpecification","valueRequired":true,"valueName":"search_term_string"}}],"inLanguage":"eu"},{"@type":"Organization","@id":"https:\/\/cafeteriagurutze.com\/#organization","name":"Mar\u00eda Elena Salcedo Rayo","url":"https:\/\/cafeteriagurutze.com\/","logo":{"@type":"ImageObject","inLanguage":"eu","@id":"https:\/\/cafeteriagurutze.com\/#\/schema\/logo\/image\/","url":"https:\/\/cafeteriagurutze.com\/wp-content\/uploads\/2024\/06\/cropped-Cafeteria-Gurutze-01-1.png","contentUrl":"https:\/\/cafeteriagurutze.com\/wp-content\/uploads\/2024\/06\/cropped-Cafeteria-Gurutze-01-1.png","width":1145,"height":1080,"caption":"Mar\u00eda Elena Salcedo Rayo"},"image":{"@id":"https:\/\/cafeteriagurutze.com\/#\/schema\/logo\/image\/"}}]}},"_links":{"self":[{"href":"https:\/\/cafeteriagurutze.com\/eus\/wp-json\/wp\/v2\/pages\/2","targetHints":{"allow":["GET"]}}],"collection":[{"href":"https:\/\/cafeteriagurutze.com\/eus\/wp-json\/wp\/v2\/pages"}],"about":[{"href":"https:\/\/cafeteriagurutze.com\/eus\/wp-json\/wp\/v2\/types\/page"}],"author":[{"embeddable":true,"href":"https:\/\/cafeteriagurutze.com\/eus\/wp-json\/wp\/v2\/users\/1"}],"replies":[{"embeddable":true,"href":"https:\/\/cafeteriagurutze.com\/eus\/wp-json\/wp\/v2\/comments?post=2"}],"version-history":[{"count":232,"href":"https:\/\/cafeteriagurutze.com\/eus\/wp-json\/wp\/v2\/pages\/2\/revisions"}],"predecessor-version":[{"id":1000,"href":"https:\/\/cafeteriagurutze.com\/eus\/wp-json\/wp\/v2\/pages\/2\/revisions\/1000"}],"wp:attachment":[{"href":"https:\/\/cafeteriagurutze.com\/eus\/wp-json\/wp\/v2\/media?parent=2"}],"curies":[{"name":"wp","href":"https:\/\/api.w.org\/{rel}","templated":true}]}}